{"id":8046,"date":"2024-04-17T05:06:29","date_gmt":"2024-04-17T05:06:29","guid":{"rendered":"https:\/\/www.floomagency.com\/hustle15\/?page_id=8046"},"modified":"2024-05-28T12:07:27","modified_gmt":"2024-05-28T12:07:27","slug":"qhsse","status":"publish","type":"page","link":"https:\/\/www.floomagency.com\/hustle15\/qhsse\/","title":{"rendered":"QHSSE"},"content":{"rendered":"<div class=\"vc_row wpb_row vc_row-fluid vc_custom_1559911673503 vc_row-o-content-middle vc_row-flex\"><div class=\"wpb_column vc_column_container vc_col-sm-12 vc_col-lg-6 vc_col-md-5\"><div class=\"vc_column-inner vc_custom_1559914851446\"><div class=\"wpb_wrapper\">\n\t<div  class=\"wpb_single_image wpb_content_element vc_align_center vc_custom_1716897935094\">\n\t\t\n\t\t<figure class=\"wpb_wrapper vc_figure\">\n\t\t\t<div class=\"vc_single_image-wrapper   vc_box_border_grey\"><img loading=\"lazy\" decoding=\"async\" width=\"1925\" height=\"1284\" src=\"https:\/\/www.floomagency.com\/hustle15\/wp-content\/uploads\/2023\/10\/Ats-6.jpg\" class=\"vc_single_image-img attachment-full\" alt=\"\" title=\"Ats-6\" srcset=\"https:\/\/www.floomagency.com\/hustle15\/wp-content\/uploads\/2023\/10\/Ats-6.jpg 1925w, https:\/\/www.floomagency.com\/hustle15\/wp-content\/uploads\/2023\/10\/Ats-6-300x200.jpg 300w, https:\/\/www.floomagency.com\/hustle15\/wp-content\/uploads\/2023\/10\/Ats-6-1024x683.jpg 1024w, https:\/\/www.floomagency.com\/hustle15\/wp-content\/uploads\/2023\/10\/Ats-6-768x512.jpg 768w, https:\/\/www.floomagency.com\/hustle15\/wp-content\/uploads\/2023\/10\/Ats-6-1536x1025.jpg 1536w\" sizes=\"auto, (max-width: 1925px) 100vw, 1925px\" \/><\/div>\n\t\t<\/figure>\n\t<\/div>\n<\/div><\/div><\/div><div class=\"wpb_column vc_column_container vc_col-sm-12 vc_col-lg-offset-0 vc_col-lg-6 vc_col-md-offset-0 vc_col-md-6\"><div class=\"vc_column-inner vc_custom_1559994060257\"><div class=\"wpb_wrapper\">\t\n\t\t\t<div id=\"wd-661f4d9229584\" class=\"woodmart-text-block-wrapper color-scheme-custom woodmart-title-size-custom woodmart-title-width-100 text-left vc_custom_1713327509611\">\n\t\t\t\t<div class=\"woodmart-title-container woodmart-text-block font-primary woodmart-font-weight-500\">\n\t\t\t\t\t\t\t\t\t<\/div>\n\t\t\t\t\t\n\t\t\t<\/div>\n\t\t<div class=\"vc_empty_space\"   style=\"height: 62px\"><span class=\"vc_empty_space_inner\"><\/span><\/div>\t\n\t\t\t<div id=\"wd-661f4683381eb\" class=\"woodmart-text-block-wrapper color-scheme-dark woodmart-title-size-custom woodmart-title-width-100 text-left vc_custom_1713325708115\">\n\t\t\t\t<div class=\"woodmart-title-container woodmart-text-block font-primary woodmart-font-weight-100\">\n\t\t\t\t\tIntroduction<br \/>\n\u00e0 la <strong>QHSSE<\/strong>\t\t\t\t<\/div>\n\t\t\t\t\t\n\t\t\t<\/div>\n\t\t\t\n\t\t\t<div id=\"wd-661f4bdb8e3fa\" class=\"woodmart-text-block-wrapper color-scheme- woodmart-title-size-custom woodmart-title-width-100 text-left vc_custom_1713327099928\">\n\t\t\t\t<div class=\"woodmart-title-container woodmart-text-block font-text woodmart-font-weight-\">\n\t\t\t\t\tLa politique Qualit\u00e9, Hygi\u00e8ne, S\u00e9curit\u00e9 et Environnement (QHSSE) est un domaine essentiel pour toute entreprise. Elle englobe l\u2019identification et le respect des normes de production, tout en veillant au bien-\u00eatre des salari\u00e9s, \u00e0 la s\u00e9curit\u00e9 des installations et au respect de l\u2019environnement. Notre approche QHSSE n\u2019est pas seulement une contrainte, mais aussi un choix \u00e9thique qui garantit la satisfaction client, la comp\u00e9titivit\u00e9 et l\u2019image positive de notre entreprise.\t\t\t\t<\/div>\n\t\t\t\t\t\n\t\t\t<\/div>\n\t\t<\/div><\/div><\/div><\/div><div data-vc-full-width=\"true\" data-vc-full-width-init=\"false\" data-vc-stretch-content=\"true\" class=\"vc_row wpb_row vc_row-fluid vc_custom_1713330185413 vc_row-has-fill vc_row-no-padding vc_row-o-content-middle vc_row-flex woodmart-disable-overflow\"><div class=\"wpb_column vc_column_container vc_col-sm-12 vc_col-lg-6 vc_col-md-6 vc_col-has-fill\"><div class=\"vc_column-inner vc_custom_1713404516657\"><div class=\"wpb_wrapper\">\t\n\t\t\t<div id=\"wd-661f4d8c90e06\" class=\"woodmart-text-block-wrapper color-scheme-custom woodmart-title-size-custom woodmart-title-width-100 text-left vc_custom_1713327503572\">\n\t\t\t\t<div class=\"woodmart-title-container woodmart-text-block font-primary woodmart-font-weight-500\">\n\t\t\t\t\t\t\t\t\t<\/div>\n\t\t\t\t\t\n\t\t\t<\/div>\n\t\t\t\n\t\t\t<div id=\"wd-661f4d9774ba9\" class=\"woodmart-text-block-wrapper color-scheme-light woodmart-title-size-custom woodmart-title-width-90 text-left vc_custom_1713327516871\">\n\t\t\t\t<div class=\"woodmart-title-container woodmart-text-block font-primary woodmart-font-weight-100\">\n\t\t\t\t\t<strong>Nos Engagements<\/strong> \t\t\t\t<\/div>\n\t\t\t\t\t\n\t\t\t<\/div>\n\t\t\t\n\t\t\t<div id=\"wd-664f6d7f8b390\" class=\"woodmart-text-block-wrapper color-scheme-light woodmart-title-size-custom woodmart-title-width-90 text-left \">\n\t\t\t\t<div class=\"woodmart-title-container woodmart-text-block font-text woodmart-font-weight-\">\n\t\t\t\t\t\u00a0\u00bbChez Anas Transport &amp; Logistics, la QHSSE est notre boussole pour un service fiable et responsable. Nous sommes le pont vers l\u2019Afrique, avec un engagement sans compromis envers la qualit\u00e9 et la s\u00e9curit\u00e9.\u00a0\u00bb<br \/>\nResponsable QHSSE : Reda Rouguib\t\t\t\t<\/div>\n\t\t\t\t\t\n\t\t\t<\/div>\n\t\t<div class=\"vc_row wpb_row vc_inner vc_row-fluid\"><div class=\"wpb_column vc_column_container vc_col-sm-6\"><div class=\"vc_column-inner\"><div class=\"wpb_wrapper\">\t\t\t<div class=\"info-box-wrapper \">\n\t\t\t\t<div id=\"wd-661f48a030a4d\" class=\" woodmart-info-box text-left box-icon-align-top box-style- color-scheme-light woodmart-bg-none box-title-custom vc_custom_1713326254735\"  >\n\t\t\t\t\t\t\t\t\t\t\t<div class=\"box-icon-wrapper  box-with-text text-size-small box-icon-simple\">\n\t\t\t\t\t\t\t<div class=\"info-box-icon\">\n\n\t\t\t\t\t\t\t\t\t\t\t\t\t\t\tQualit\u00e9\t\t\t\t\t\t\t\n\t\t\t\t\t\t\t<\/div>\n\t\t\t\t\t\t<\/div>\n\t\t\t\t\t\t\t\t\t\t<div class=\"info-box-content\">\n\t\t\t\t\t\t\t\t\t\t\t\t<div class=\"info-box-inner reset-mb-10\">\n\t\t\t\t\t\t\t<p>Nous nous engageons \u00e0 am\u00e9liorer continuellement la satisfaction de nos clients et \u00e0 respecter les normes de qualit\u00e9 dans toutes nos op\u00e9rations.<\/p>\n\t\t\t\t\t\t<\/div>\n\n\t\t\t\t\t\t\t\t\t\t\t\t\n\t\t\t\t\t<\/div>\n\n\t\t\t\t\t<style><\/style>\t\t\t\t<\/div>\n\t\t\t<\/div>\n\t\t\t\t\t<div class=\"info-box-wrapper \">\n\t\t\t\t<div id=\"wd-661f4c39dc385\" class=\" woodmart-info-box text-left box-icon-align-top box-style- color-scheme-light woodmart-bg-none box-title-custom vc_custom_1713327193377\"  >\n\t\t\t\t\t\t\t\t\t\t\t<div class=\"box-icon-wrapper  box-with-text text-size-small box-icon-simple\">\n\t\t\t\t\t\t\t<div class=\"info-box-icon\">\n\n\t\t\t\t\t\t\t\t\t\t\t\t\t\t\tS\u00e9curit\u00e9\t\t\t\t\t\t\t\n\t\t\t\t\t\t\t<\/div>\n\t\t\t\t\t\t<\/div>\n\t\t\t\t\t\t\t\t\t\t<div class=\"info-box-content\">\n\t\t\t\t\t\t\t\t\t\t\t\t<div class=\"info-box-inner reset-mb-10\">\n\t\t\t\t\t\t\t<p>La s\u00e9curit\u00e9 de nos \u00e9quipes, de nos clients et de nos partenaires est notre priorit\u00e9 absolue. Nous mettons en place des mesures rigoureuses pour minimiser les risques.<\/p>\n\t\t\t\t\t\t<\/div>\n\n\t\t\t\t\t\t\t\t\t\t\t\t\n\t\t\t\t\t<\/div>\n\n\t\t\t\t\t<style><\/style>\t\t\t\t<\/div>\n\t\t\t<\/div>\n\t\t<\/div><\/div><\/div><div class=\"wpb_column vc_column_container vc_col-sm-6\"><div class=\"vc_column-inner\"><div class=\"wpb_wrapper\">\t\t\t<div class=\"info-box-wrapper \">\n\t\t\t\t<div id=\"wd-661f48c9a415f\" class=\" woodmart-info-box text-left box-icon-align-top box-style- color-scheme-light woodmart-bg-none box-title-custom vc_custom_1713326287284\"  >\n\t\t\t\t\t\t\t\t\t\t\t<div class=\"box-icon-wrapper  box-with-text text-size-small box-icon-simple\">\n\t\t\t\t\t\t\t<div class=\"info-box-icon\">\n\n\t\t\t\t\t\t\t\t\t\t\t\t\t\t\tHygi\u00e8ne\t\t\t\t\t\t\t\n\t\t\t\t\t\t\t<\/div>\n\t\t\t\t\t\t<\/div>\n\t\t\t\t\t\t\t\t\t\t<div class=\"info-box-content\">\n\t\t\t\t\t\t\t\t\t\t\t\t<div class=\"info-box-inner reset-mb-10\">\n\t\t\t\t\t\t\t<p>La sant\u00e9 et le bien-\u00eatre de nos employ\u00e9s sont primordiaux. Nous veillons \u00e0 cr\u00e9er un environnement de travail s\u00fbr et sain.<\/p>\n\t\t\t\t\t\t<\/div>\n\n\t\t\t\t\t\t\t\t\t\t\t\t\n\t\t\t\t\t<\/div>\n\n\t\t\t\t\t<style><\/style>\t\t\t\t<\/div>\n\t\t\t<\/div>\n\t\t\t\t\t<div class=\"info-box-wrapper \">\n\t\t\t\t<div id=\"wd-661f4c5b439cc\" class=\" woodmart-info-box text-left box-icon-align-top box-style- color-scheme-light woodmart-bg-none box-title-custom vc_custom_1713327220774\"  >\n\t\t\t\t\t\t\t\t\t\t\t<div class=\"box-icon-wrapper  box-with-text text-size-small box-icon-simple\">\n\t\t\t\t\t\t\t<div class=\"info-box-icon\">\n\n\t\t\t\t\t\t\t\t\t\t\t\t\t\t\tEnvironnement\t\t\t\t\t\t\t\n\t\t\t\t\t\t\t<\/div>\n\t\t\t\t\t\t<\/div>\n\t\t\t\t\t\t\t\t\t\t<div class=\"info-box-content\">\n\t\t\t\t\t\t\t\t\t\t\t\t<div class=\"info-box-inner reset-mb-10\">\n\t\t\t\t\t\t\t<p>Nous sommes conscients de notre impact sur l\u2019environnement. Notre gestion responsable vise \u00e0 r\u00e9duire notre empreinte \u00e9cologique.<\/p>\n\t\t\t\t\t\t<\/div>\n\n\t\t\t\t\t\t\t\t\t\t\t\t\n\t\t\t\t\t<\/div>\n\n\t\t\t\t\t<style><\/style>\t\t\t\t<\/div>\n\t\t\t<\/div>\n\t\t<\/div><\/div><\/div><\/div><\/div><\/div><\/div><div class=\"wpb_column vc_column_container vc_col-sm-12 vc_col-lg-offset-0 vc_col-lg-6 vc_col-md-6\"><div class=\"vc_column-inner vc_custom_1713404130182\"><div class=\"wpb_wrapper\">\n\t<div  class=\"wpb_single_image wpb_content_element vc_align_left\">\n\t\t\n\t\t<figure class=\"wpb_wrapper vc_figure\">\n\t\t\t<div class=\"vc_single_image-wrapper   vc_box_border_grey\"><img loading=\"lazy\" decoding=\"async\" width=\"1754\" height=\"860\" src=\"https:\/\/www.floomagency.com\/hustle15\/wp-content\/uploads\/2024\/05\/ENI-6-of-66.jpg\" class=\"vc_single_image-img attachment-full\" alt=\"\" title=\"ENI (6 of 66)\" srcset=\"https:\/\/www.floomagency.com\/hustle15\/wp-content\/uploads\/2024\/05\/ENI-6-of-66.jpg 1754w, https:\/\/www.floomagency.com\/hustle15\/wp-content\/uploads\/2024\/05\/ENI-6-of-66-300x147.jpg 300w, https:\/\/www.floomagency.com\/hustle15\/wp-content\/uploads\/2024\/05\/ENI-6-of-66-1024x502.jpg 1024w, https:\/\/www.floomagency.com\/hustle15\/wp-content\/uploads\/2024\/05\/ENI-6-of-66-768x377.jpg 768w, https:\/\/www.floomagency.com\/hustle15\/wp-content\/uploads\/2024\/05\/ENI-6-of-66-1536x753.jpg 1536w\" sizes=\"auto, (max-width: 1754px) 100vw, 1754px\" \/><\/div>\n\t\t<\/figure>\n\t<\/div>\n<\/div><\/div><\/div><\/div><div class=\"vc_row-full-width vc_clearfix\"><\/div><div class=\"vc_row wpb_row vc_row-fluid vc_custom_1713330850739\"><div class=\"wpb_column vc_column_container vc_col-sm-12\"><div class=\"vc_column-inner\"><div class=\"wpb_wrapper\">\t\t\n\t\t<div id=\"wd-661f5abd1823b\" class=\"title-wrapper  woodmart-title-color-primary woodmart-title-style-bordered woodmart-title-width-100 text-center woodmart-title-size-default \">\n\t\t\t\t\t\t\n\t\t\t<div class=\"liner-continer\">\n\t\t\t\t<span class=\"left-line\"><\/span>\n\t\t\t\t<h4 class=\"woodmart-title-container title  woodmart-font-weight-600\" >Nos certifications<\/h4>\t\t\t\t\t\t\t\t<span class=\"right-line\"><\/span>\n\t\t\t<\/div>\n\t\t\t\n\t\t\t\t\t\t\t<div class=\"title-after_title\">La confiance que nos clients nous accordent est la pierre angulaire de notre entreprise. Nous croyons fermement en l'\u00e9tablissement de relations durables et en la fid\u00e9lisation de notre client\u00e8le en offrant un service transparent, fiable et de haute qualit\u00e9.<\/div>\n\t\t\t\t\t\t\n\t\t\t\t\t<\/div>\n\t\t\n\t\t<\/div><\/div><\/div><\/div><div data-vc-full-width=\"true\" data-vc-full-width-init=\"false\" class=\"vc_row wpb_row vc_row-fluid vc_custom_1506948288104 vc_row-has-fill\"><div class=\"wpb_column vc_column_container vc_col-sm-4\"><div class=\"vc_column-inner vc_custom_1506947185868\"><div class=\"wpb_wrapper\">\t\t<div class=\"promo-banner-wrapper\">\n\t\t\t<div id=\"wd-6655c8bc83eff\" class=\"promo-banner banner-vr-align-middle banner-hr-align-center banner- banner-hover-parallax color-scheme-dark banner-btn-size-small banner-btn-style-link wd-display-image \"  >\n\n\t\t\t\t<div class=\"main-wrapp-img\">\n\t\t\t\t\t\t\t\t\t\t\t<div class=\"banner-image\">\n\t\t\t\t\t\t\t<img loading=\"lazy\" decoding=\"async\" class=\"promo-banner-image \" src=\"https:\/\/www.floomagency.com\/hustle15\/wp-content\/uploads\/2024\/04\/6-1-600x400.jpg\" width=\"600\" height=\"400\" alt=\"\" title=\"\" \/>\t\t\t\t\t\t<\/div>\n\t\t\t\t\t\t\t\t\t<\/div>\n\n\t\t\t\t<div class=\"wrapper-content-banner \">\n\t\t\t\t\t<div class=\"content-banner text-center content-width-70\">\n\t\t\t\t\t\t\t<div class=\"banner-title-wrap banner-title-extra-large\"><\/div>\n\t\t\t\t\t\t\t\t\t\t\t\t\t\t\t\t\t<\/div>\n\t\t\t\t<\/div>\n\t\t\t\t\t\t\t<\/div>\n\t\t<\/div>\n\t\t\n\t\t\t\t\t<div class=\"info-box-wrapper \">\n\t\t\t\t<div id=\"wd-66207c68e1800\" class=\" woodmart-info-box text-center box-icon-align-top box-style- color-scheme- woodmart-bg-none box-title-default z-index-10 position-relative vc_custom_1713405038106\"  >\n\t\t\t\t\t\t\t\t\t\t<div class=\"info-box-content\">\n\t\t\t\t\t\t<h4 class=\"info-box-title woodmart-font-weight- box-title-style-default\">ISO 9001<\/h4>\t\t\t\t\t\t<div class=\"info-box-inner reset-mb-10\">\n\t\t\t\t\t\t\t<p>Cette certification atteste de notre engagement envers la qualit\u00e9 de nos services et\u00a0 processus.<\/p>\n\t\t\t\t\t\t<\/div>\n\n\t\t\t\t\t\t\t\t\t\t\t\t\n\t\t\t\t\t<\/div>\n\n\t\t\t\t\t\t\t\t\t<\/div>\n\t\t\t<\/div>\n\t\t<\/div><\/div><\/div><div class=\"wpb_column vc_column_container vc_col-sm-4\"><div class=\"vc_column-inner vc_custom_1506947455194\"><div class=\"wpb_wrapper\">\t\t<div class=\"promo-banner-wrapper\">\n\t\t\t<div id=\"wd-661f5709b62f1\" class=\"promo-banner banner-vr-align-middle banner-hr-align-center banner- banner-hover-parallax color-scheme-dark banner-btn-size-small banner-btn-style-link wd-display-image \"  >\n\n\t\t\t\t<div class=\"main-wrapp-img\">\n\t\t\t\t\t\t\t\t\t\t\t<div class=\"banner-image\">\n\t\t\t\t\t\t\t<img loading=\"lazy\" decoding=\"async\" class=\"promo-banner-image \" src=\"https:\/\/www.floomagency.com\/hustle15\/wp-content\/uploads\/2024\/04\/8-600x400.jpg\" width=\"600\" height=\"400\" alt=\"\" title=\"\" \/>\t\t\t\t\t\t<\/div>\n\t\t\t\t\t\t\t\t\t<\/div>\n\n\t\t\t\t<div class=\"wrapper-content-banner \">\n\t\t\t\t\t<div class=\"content-banner text-center content-width-70\">\n\t\t\t\t\t\t\t<div class=\"banner-title-wrap banner-title-extra-large\"><\/div>\n\t\t\t\t\t\t\t\t\t\t\t\t\t\t\t\t\t<\/div>\n\t\t\t\t<\/div>\n\t\t\t\t\t\t\t<\/div>\n\t\t<\/div>\n\t\t\n\t\t\t\t\t<div class=\"info-box-wrapper \">\n\t\t\t\t<div id=\"wd-66207c70283b1\" class=\" woodmart-info-box text-center box-icon-align-top box-style- color-scheme- woodmart-bg-none box-title-default z-index-10 position-relative vc_custom_1713405043943\"  >\n\t\t\t\t\t\t\t\t\t\t<div class=\"info-box-content\">\n\t\t\t\t\t\t<h4 class=\"info-box-title woodmart-font-weight- box-title-style-default\">ISO 28000<\/h4>\t\t\t\t\t\t<div class=\"info-box-inner reset-mb-10\">\n\t\t\t\t\t\t\t<p>Elle garantit la s\u00fbret\u00e9 de notre cha\u00eene logistique, renfor\u00e7ant ainsi la confiance de nos clients.<\/p>\n\t\t\t\t\t\t<\/div>\n\n\t\t\t\t\t\t\t\t\t\t\t\t\n\t\t\t\t\t<\/div>\n\n\t\t\t\t\t\t\t\t\t<\/div>\n\t\t\t<\/div>\n\t\t<\/div><\/div><\/div><div class=\"wpb_column vc_column_container vc_col-sm-4\"><div class=\"vc_column-inner vc_custom_1506947193156\"><div class=\"wpb_wrapper\">\t\t<div class=\"promo-banner-wrapper\">\n\t\t\t<div id=\"wd-661f56f8585e3\" class=\"promo-banner banner-vr-align-middle banner-hr-align-center banner- banner-hover-parallax color-scheme-dark banner-btn-size-small banner-btn-style-link wd-display-image \"  >\n\n\t\t\t\t<div class=\"main-wrapp-img\">\n\t\t\t\t\t\t\t\t\t\t\t<div class=\"banner-image\">\n\t\t\t\t\t\t\t<img loading=\"lazy\" decoding=\"async\" class=\"promo-banner-image \" src=\"https:\/\/www.floomagency.com\/hustle15\/wp-content\/uploads\/2023\/10\/8-600x400.jpg\" width=\"600\" height=\"400\" alt=\"\" title=\"\" \/>\t\t\t\t\t\t<\/div>\n\t\t\t\t\t\t\t\t\t<\/div>\n\n\t\t\t\t<div class=\"wrapper-content-banner \">\n\t\t\t\t\t<div class=\"content-banner text-center content-width-70\">\n\t\t\t\t\t\t\t<div class=\"banner-title-wrap banner-title-extra-large\"><\/div>\n\t\t\t\t\t\t\t\t\t\t\t\t\t\t\t\t\t<\/div>\n\t\t\t\t<\/div>\n\t\t\t\t\t\t\t<\/div>\n\t\t<\/div>\n\t\t\n\t\t\t\t\t<div class=\"info-box-wrapper \">\n\t\t\t\t<div id=\"wd-66207c7629c75\" class=\" woodmart-info-box text-center box-icon-align-top box-style- color-scheme- woodmart-bg-none box-title-default z-index-10 position-relative vc_custom_1713405049296\"  >\n\t\t\t\t\t\t\t\t\t\t<div class=\"info-box-content\">\n\t\t\t\t\t\t<h4 class=\"info-box-title woodmart-font-weight- box-title-style-default\">(OEA) Cat\u00e9gorie A<\/h4>\t\t\t\t\t\t<div class=\"info-box-inner reset-mb-10\">\n\t\t\t\t\t\t\t<p>Cette reconnaissance officielle t\u00e9moigne de notre fiabilit\u00e9 et de notre conformit\u00e9 aux normes douani\u00e8res.<\/p>\n\t\t\t\t\t\t<\/div>\n\n\t\t\t\t\t\t\t\t\t\t\t\t\n\t\t\t\t\t<\/div>\n\n\t\t\t\t\t\t\t\t\t<\/div>\n\t\t\t<\/div>\n\t\t<\/div><\/div><\/div><\/div><div class=\"vc_row-full-width vc_clearfix\"><\/div>\n","protected":false},"excerpt":{"rendered":"Introduction \u00e0 la QHSSE La politique Qualit\u00e9, Hygi\u00e8ne, S\u00e9curit\u00e9 et Environnement (QHSSE) est un domaine essentiel pour toute entreprise. Elle","protected":false},"author":1,"featured_media":0,"parent":0,"menu_order":0,"comment_status":"closed","ping_status":"closed","template":"","meta":{"footnotes":""},"class_list":["post-8046","page","type-page","status-publish","hentry"],"_links":{"self":[{"href":"https:\/\/www.floomagency.com\/hustle15\/wp-json\/wp\/v2\/pages\/8046","targetHints":{"allow":["GET"]}}],"collection":[{"href":"https:\/\/www.floomagency.com\/hustle15\/wp-json\/wp\/v2\/pages"}],"about":[{"href":"https:\/\/www.floomagency.com\/hustle15\/wp-json\/wp\/v2\/types\/page"}],"author":[{"embeddable":true,"href":"https:\/\/www.floomagency.com\/hustle15\/wp-json\/wp\/v2\/users\/1"}],"replies":[{"embeddable":true,"href":"https:\/\/www.floomagency.com\/hustle15\/wp-json\/wp\/v2\/comments?post=8046"}],"version-history":[{"count":37,"href":"https:\/\/www.floomagency.com\/hustle15\/wp-json\/wp\/v2\/pages\/8046\/revisions"}],"predecessor-version":[{"id":8500,"href":"https:\/\/www.floomagency.com\/hustle15\/wp-json\/wp\/v2\/pages\/8046\/revisions\/8500"}],"wp:attachment":[{"href":"https:\/\/www.floomagency.com\/hustle15\/wp-json\/wp\/v2\/media?parent=8046"}],"curies":[{"name":"wp","href":"https:\/\/api.w.org\/{rel}","templated":true}]}}