{"id":7347,"date":"2023-05-03T14:08:26","date_gmt":"2023-05-03T14:08:26","guid":{"rendered":"https:\/\/cratyvibes.com\/hustle15\/?page_id=7347"},"modified":"2024-04-04T05:27:52","modified_gmt":"2024-04-04T05:27:52","slug":"transit","status":"publish","type":"page","link":"https:\/\/www.floomagency.com\/hustle15\/transit\/","title":{"rendered":"&#8211; Home Transit"},"content":{"rendered":"<div data-vc-full-width=\"true\" data-vc-full-width-init=\"false\" data-vc-stretch-content=\"true\" class=\"vc_row wpb_row vc_row-fluid vc_custom_1683074190733 vc_row-no-padding\"><div class=\"wpb_column vc_column_container vc_col-sm-12\"><div class=\"vc_column-inner\"><div class=\"wpb_wrapper\">\n\t\t\t<!-- START slide transit f REVOLUTION SLIDER 6.5.19 --><p class=\"rs-p-wp-fix\"><\/p>\n\t\t\t<rs-module-wrap id=\"grocery_wrapper\" data-source=\"gallery\" style=\"visibility:hidden;background:transparent;padding:0;margin:0px auto;margin-top:0;margin-bottom:0;\">\n\t\t\t\t<rs-module id=\"grocery\" style=\"\" data-version=\"6.5.19\">\n\t\t\t\t\t<rs-slides>\n\t\t\t\t\t\t<rs-slide style=\"position: absolute;\" data-key=\"rs-169\" data-title=\"Slide\" data-in=\"o:0;\" data-out=\"a:false;\">\n\t\t\t\t\t\t\t<img loading=\"lazy\" decoding=\"async\" src=\"\/\/www.floomagency.com\/hustle15\/wp-content\/plugins\/revslider\/public\/assets\/assets\/dummy.png\" alt=\"\" title=\"5_1_2_4_169.jpeg\" width=\"1920\" height=\"780\" class=\"rev-slidebg tp-rs-img rs-lazyload\" data-lazyload=\"\/\/www.floomagency.com\/hustle15\/wp-content\/uploads\/revslider\/video-media\/5_1_2_4_169.jpeg\" data-no-retina>\n\t\t\t\t\t\t\t<rs-bgvideo \n\t\t\t\t\t\t\t\tdata-video=\"w:100%;h:100%;nse:false;l:true;ptimer:false;vfc:true;\"\n\t\t\t\t\t\t\t\tdata-mp4=\"\/\/www.floomagency.com\/hustle15\/wp-content\/uploads\/2024\/03\/5_1_2_4.mp4\"\n\t\t\t\t\t\t\t><\/rs-bgvideo>\n<!--\n\t\t\t\t\t\t\t--><h4\n\t\t\t\t\t\t\t\tid=\"slider-59-slide-169-layer-2\" \n\t\t\t\t\t\t\t\tclass=\"rs-layer\"\n\t\t\t\t\t\t\t\tdata-type=\"text\"\n\t\t\t\t\t\t\t\tdata-rsp_ch=\"on\"\n\t\t\t\t\t\t\t\tdata-xy=\"xo:1px,0,40px,48px;yo:163px,134px,115px,84px;\"\n\t\t\t\t\t\t\t\tdata-text=\"w:normal;s:48,39,36,36;l:57,47,46,46;\"\n\t\t\t\t\t\t\t\tdata-dim=\"w:689px,568px,318px,327px;\"\n\t\t\t\t\t\t\t\tdata-vbility=\"f,f,f,f\"\n\t\t\t\t\t\t\t\tdata-frame_0=\"y:48px,39px,29px,17px;\"\n\t\t\t\t\t\t\t\tdata-frame_1=\"e:expo.out;st:500;sp:1000;\"\n\t\t\t\t\t\t\t\tdata-frame_999=\"o:0;st:w;\"\n\t\t\t\t\t\t\t\tstyle=\"z-index:9;font-family:'Antonio';\"\n\t\t\t\t\t\t\t>Transport Exceptionnel International  \n\t\t\t\t\t\t\t<\/h4><!--\n\n\t\t\t\t\t\t\t--><p\n\t\t\t\t\t\t\t\tid=\"slider-59-slide-169-layer-3\" \n\t\t\t\t\t\t\t\tclass=\"rs-layer\"\n\t\t\t\t\t\t\t\tdata-type=\"text\"\n\t\t\t\t\t\t\t\tdata-color=\"rgba(255, 255, 255, 0.8)||rgba(255, 255, 255, 0.8)||rgba(255, 255, 255, 0.8)||#ffffff\"\n\t\t\t\t\t\t\t\tdata-rsp_ch=\"on\"\n\t\t\t\t\t\t\t\tdata-xy=\"xo:4px,3px,40px,-374px;yo:237px,195px,220px,197px;\"\n\t\t\t\t\t\t\t\tdata-text=\"w:normal;s:15,12,14,8;l:25,20,24,14;\"\n\t\t\t\t\t\t\t\tdata-dim=\"w:477,379px,287px,177px;\"\n\t\t\t\t\t\t\t\tdata-vbility=\"f,f,f,f\"\n\t\t\t\t\t\t\t\tdata-frame_0=\"y:52px,42px,31px,19px;\"\n\t\t\t\t\t\t\t\tdata-frame_1=\"e:expo.out;st:600;sp:1000;\"\n\t\t\t\t\t\t\t\tdata-frame_999=\"o:0;st:w;\"\n\t\t\t\t\t\t\t\tstyle=\"z-index:10;font-family:'Roboto';\"\n\t\t\t\t\t\t\t>Au sein du d\u00e9partement Transit d'Anastransport, nous mettons \u00e0 votre disposition une gamme compl\u00e8te de services pour faciliter vos op\u00e9rations de transit et de gestion douani\u00e8re.  \n\t\t\t\t\t\t\t<\/p><!--\n\n\t\t\t\t\t\t\t--><a\n\t\t\t\t\t\t\t\tid=\"slider-59-slide-169-layer-7\" \n\t\t\t\t\t\t\t\tclass=\"rs-layer rev-btn\"\n\t\t\t\t\t\t\t\thref=\"\" target=\"_self\"\n\t\t\t\t\t\t\t\tdata-type=\"button\"\n\t\t\t\t\t\t\t\tdata-color=\"#000000\"\n\t\t\t\t\t\t\t\tdata-rsp_ch=\"on\"\n\t\t\t\t\t\t\t\tdata-xy=\"xo:8px,6px,4px,51px;yo:327px,270px,205px,236px;\"\n\t\t\t\t\t\t\t\tdata-text=\"w:normal;s:15,12,9,12;l:32,26,19,26;fw:500;\"\n\t\t\t\t\t\t\t\tdata-dim=\"minh:0px,none,none,none;\"\n\t\t\t\t\t\t\t\tdata-vbility=\"f,f,f,f\"\n\t\t\t\t\t\t\t\tdata-padding=\"r:20,17,13,19;l:20,17,13,19;\"\n\t\t\t\t\t\t\t\tdata-frame_0=\"x:0,0,0,0px;y:0,0,0,0px;\"\n\t\t\t\t\t\t\t\tdata-frame_1=\"x:0,0,0,0px;y:0,0,0,0px;\"\n\t\t\t\t\t\t\t\tdata-frame_999=\"o:0;st:w;\"\n\t\t\t\t\t\t\t\tdata-frame_hover=\"c:#fff;bgc:#000;bor:0px,0px,0px,0px;\"\n\t\t\t\t\t\t\t\tstyle=\"z-index:11;background-color:rgba(255,255,255,1);font-family:'Roboto';\"\n\t\t\t\t\t\t\t>Voir plus \n\t\t\t\t\t\t\t<\/a><!--\n-->\t\t\t\t\t\t<\/rs-slide>\n\t\t\t\t\t<\/rs-slides>\n\t\t\t\t<\/rs-module>\n\t\t\t\t<script>\n\t\t\t\t\tsetREVStartSize({c: 'grocery',rl:[1240,1024,778,480],el:[580,480,480,600],gw:[1240,1024,778,480],gh:[580,480,480,600],type:'standard',justify:'',layout:'fullwidth',mh:\"0\"});if (window.RS_MODULES!==undefined && window.RS_MODULES.modules!==undefined && window.RS_MODULES.modules[\"grocery\"]!==undefined) {window.RS_MODULES.modules[\"grocery\"].once = false;window.revapi59 = undefined;if (window.RS_MODULES.checkMinimal!==undefined) window.RS_MODULES.checkMinimal()}\n\t\t\t\t<\/script>\n\t\t\t<\/rs-module-wrap>\n\t\t\t<!-- END REVOLUTION SLIDER -->\n<\/div><\/div><\/div><\/div><div class=\"vc_row-full-width vc_clearfix\"><\/div><div class=\"vc_row wpb_row vc_row-fluid vc_custom_1528100890497 vc_row-o-content-middle vc_row-flex\"><div class=\"wpb_column vc_column_container vc_col-sm-12\"><div class=\"vc_column-inner\"><div class=\"wpb_wrapper\">\t\n\t\t\t<div id=\"wd-654e7c33294db\" class=\"woodmart-text-block-wrapper color-scheme-custom woodmart-title-size-custom woodmart-title-width-100 text-center wpb_animate_when_almost_visible wpb_wd-slide-from-bottom wd-slide-from-bottom vc_custom_1699642426343\">\n\t\t\t\t<div class=\"woodmart-title-container woodmart-text-block font-text woodmart-font-weight-600\">\n\t\t\t\t\tNos Services de Transit Douanier :\t\t\t\t<\/div>\n\t\t\t\t\t\n\t\t\t<\/div>\n\t\t\t\n\t\t\t<div id=\"wd-654e7c4a9ec6d\" class=\"woodmart-text-block-wrapper color-scheme-dark woodmart-title-size-custom woodmart-title-width-100 text-center wpb_animate_when_almost_visible wpb_wd-slide-from-bottom wd-slide-from-bottom vc_custom_1699642449917\">\n\t\t\t\t<div class=\"woodmart-title-container woodmart-text-block font-primary woodmart-font-weight-500\">\n\t\t\t\t\tUn d\u00e9douanement <span class=\"color-primary\">rapide et transparent.<br \/>\n<\/span>\t\t\t\t<\/div>\n\t\t\t\t\t\n\t\t\t<\/div>\n\t\t<\/div><\/div><\/div><div class=\"wpb_column vc_column_container vc_col-sm-12 vc_col-lg-4 vc_col-md-4\"><div class=\"vc_column-inner vc_custom_1528458594961\"><div class=\"wpb_wrapper\">\t\t\t<div class=\"info-box-wrapper \">\n\t\t\t\t<div id=\"wd-654e7c8bf2eb2\" class=\" woodmart-info-box text-left box-icon-align-left box-style- color-scheme- woodmart-bg-none wpb_animate_when_almost_visible wpb_wd-slide-from-bottom wd-slide-from-bottom box-title-default \"  >\n\t\t\t\t\t\t\t\t\t\t\t<div class=\"box-icon-wrapper  box-with-icon box-icon-with-border\">\n\t\t\t\t\t\t\t<div class=\"info-box-icon\">\n\n\t\t\t\t\t\t\t\n\t\t\t\t\t\t\t\t\t\t\t\t\t\t\t\t\t<div class=\"info-svg-wrapper info-icon\" style=\"width: 46px;height: 46px;\"><svg version=\"1.1\" id=\"corp-protection\" xmlns=\"http:\/\/www.w3.org\/2000\/svg\" xmlns:xlink=\"http:\/\/www.w3.org\/1999\/xlink\" x=\"0px\"\r\n\t y=\"0px\" viewBox=\"0 0 84 84\" style=\"enable-background:new 0 0 84 84;\" xml:space=\"preserve\">\r\n<path id=\"svg-6138\" style=\"fill:#0F91E3;\" d=\"M65.2,25.2c-7.9-2.1-15.5-5.1-22.7-9c-0.3-0.2-0.7-0.2-1,0c-7.1,4-14.8,7-22.7,9\r\n\tc-0.5,0.1-0.8,0.5-0.8,1v11.4c-0.1,9.1,3.8,17.9,10.6,24C33.8,66.4,39.8,69,42,69s8.2-2.6,13.4-7.4c6.8-6.1,10.7-14.8,10.6-24V26.2\r\n\tC66,25.7,65.7,25.3,65.2,25.2z M54,60.1c-2.3,2.1-4.8,3.9-7.5,5.3c-2.6,2.2-6.3,2.2-8.9,0c-2.7-1.4-5.3-3.2-7.5-5.3\r\n\tc-6.4-5.7-10-13.9-9.9-22.5V27c7.6-2,15-5,21.9-8.8C49,22,56.4,24.9,64,27v10.6l0,0C64,46.2,60.4,54.3,54,60.1L54,60.1z M61.6,27.9\r\n\tc-6.6-1.9-13-4.5-19.1-7.7c-0.3-0.2-0.7-0.2-1,0C35.4,23.4,29,26,22.4,27.9c-0.4,0.1-0.8,0.5-0.8,1v8.7c0,3.9,0.8,7.8,2.3,11.4\r\n\tc1.6,3.6,3.9,6.8,6.7,9.5c2.1,2,4.5,3.7,7,5.1c1.3,0.7,2.7,1.3,4.1,1.7c0.1,0,0.3,0,0.4,0c1.4-0.4,2.8-1,4.1-1.7\r\n\tc2.6-1.4,4.9-3.1,7-5.1c2.9-2.7,5.1-5.9,6.7-9.5c1.5-3.6,2.3-7.5,2.3-11.4v-8.7C62.4,28.5,62,28.1,61.6,27.9L61.6,27.9z M60.3,37.6\r\n\tc0.1,7.4-3,14.4-8.4,19.4c-2,1.9-4.2,3.5-6.6,4.8c-1.7,1.8-4.5,1.9-6.4,0.3c-0.1-0.1-0.2-0.2-0.3-0.3C36.2,60.5,34,58.9,32,57\r\n\tc-5.4-5-8.5-12.1-8.4-19.4v-7.9c6.3-1.9,12.4-4.3,18.3-7.4c5.8,3,12,5.5,18.3,7.4L60.3,37.6L60.3,37.6z M33.3,53.1L33.3,53.1\r\n\tc-0.4-0.4-1.1-0.5-1.5-0.1s-0.4,1-0.1,1.5l0,0c0.2,0.2,0.5,0.3,0.8,0.3c0.6,0,1-0.5,1-1.1C33.6,53.5,33.5,53.3,33.3,53.1L33.3,53.1z\r\n\t M39,57.8c-1.3-0.8-2.5-1.7-3.6-2.7c-0.4-0.4-1.1-0.3-1.5,0.1s-0.3,1.1,0.1,1.5l0,0c1.2,1.1,2.5,2,3.9,2.9c0.2,0.1,0.4,0.2,0.6,0.2\r\n\tc0.4,0,0.7-0.2,0.9-0.5C39.6,58.7,39.5,58.1,39,57.8L39,57.8L39,57.8z M51.1,34.1c-0.6-0.6-1.4-0.9-2.3-0.9s-1.7,0.3-2.3,0.9\r\n\tl-6.6,6.6l-2.4-2.4c-0.6-0.6-1.4-0.9-2.3-0.9c-1.8,0-3.2,1.4-3.3,3.2c0,0.9,0.3,1.7,1,2.3l4.7,4.7c0.6,0.6,1.4,1,2.3,0.9\r\n\tc0.9,0,1.7-0.3,2.3-0.9l8.9-8.9C52.3,37.5,52.2,35.5,51.1,34.1L51.1,34.1z M49.7,37.3l-8.9,8.9c-0.5,0.5-1.2,0.5-1.7,0l-4.8-4.7\r\n\tc-0.5-0.5-0.5-1.2,0-1.6c0.5-0.5,1.2-0.5,1.7,0l3.1,3.1c0.4,0.4,1.1,0.4,1.5,0l7.4-7.3c0.5-0.5,1.2-0.5,1.7,0\r\n\tC50,36,49.8,36.7,49.7,37.3L49.7,37.3z\"\/>\r\n<\/svg>\r\n<\/div>\t\t\t\t\t\t\t\t\t\t\t\t\t\t\t\t\n\t\t\t\t\t\t\t\n\t\t\t\t\t\t\t<\/div>\n\t\t\t\t\t\t<\/div>\n\t\t\t\t\t\t\t\t\t\t<div class=\"info-box-content\">\n\t\t\t\t\t\t<h4 class=\"info-box-title woodmart-font-weight- box-title-style-default\">D\u00e9douanement Expert<\/h4>\t\t\t\t\t\t<div class=\"info-box-inner reset-mb-10\">\n\t\t\t\t\t\t\t<p>Nous g\u00e9rons toutes les formalit\u00e9s de d\u00e9douanement avec expertise, garantissant un passage en douane sans accroc.<\/p>\n\t\t\t\t\t\t<\/div>\n\n\t\t\t\t\t\t\t\t\t\t\t\t\n\t\t\t\t\t<\/div>\n\n\t\t\t\t\t<style>#wd-654e7c8bf2eb2 .info-box-icon {background-color:  !important;}#wd-654e7c8bf2eb2:hover .info-box-icon{background-color:  !important;}<\/style>\t\t\t\t<\/div>\n\t\t\t<\/div>\n\t\t\t\t\t<div class=\"info-box-wrapper \">\n\t\t\t\t<div id=\"wd-654e7c9c98424\" class=\" woodmart-info-box text-left box-icon-align-left box-style- color-scheme- woodmart-bg-none wpb_animate_when_almost_visible wpb_wd-slide-from-bottom wd-slide-from-bottom box-title-default \"  >\n\t\t\t\t\t\t\t\t\t\t\t<div class=\"box-icon-wrapper  box-with-icon box-icon-with-border\">\n\t\t\t\t\t\t\t<div class=\"info-box-icon\">\n\n\t\t\t\t\t\t\t\n\t\t\t\t\t\t\t\t\t\t\t\t\t\t\t\t\t<div class=\"info-svg-wrapper info-icon\" style=\"width: 46px;height: 46px;\"><svg version=\"1.1\" id=\"corp-protection\" xmlns=\"http:\/\/www.w3.org\/2000\/svg\" xmlns:xlink=\"http:\/\/www.w3.org\/1999\/xlink\" x=\"0px\"\r\n\t y=\"0px\" viewBox=\"0 0 84 84\" style=\"enable-background:new 0 0 84 84;\" xml:space=\"preserve\">\r\n<path id=\"svg-2724\" style=\"fill:#0F91E3;\" d=\"M65.2,25.2c-7.9-2.1-15.5-5.1-22.7-9c-0.3-0.2-0.7-0.2-1,0c-7.1,4-14.8,7-22.7,9\r\n\tc-0.5,0.1-0.8,0.5-0.8,1v11.4c-0.1,9.1,3.8,17.9,10.6,24C33.8,66.4,39.8,69,42,69s8.2-2.6,13.4-7.4c6.8-6.1,10.7-14.8,10.6-24V26.2\r\n\tC66,25.7,65.7,25.3,65.2,25.2z M54,60.1c-2.3,2.1-4.8,3.9-7.5,5.3c-2.6,2.2-6.3,2.2-8.9,0c-2.7-1.4-5.3-3.2-7.5-5.3\r\n\tc-6.4-5.7-10-13.9-9.9-22.5V27c7.6-2,15-5,21.9-8.8C49,22,56.4,24.9,64,27v10.6l0,0C64,46.2,60.4,54.3,54,60.1L54,60.1z M61.6,27.9\r\n\tc-6.6-1.9-13-4.5-19.1-7.7c-0.3-0.2-0.7-0.2-1,0C35.4,23.4,29,26,22.4,27.9c-0.4,0.1-0.8,0.5-0.8,1v8.7c0,3.9,0.8,7.8,2.3,11.4\r\n\tc1.6,3.6,3.9,6.8,6.7,9.5c2.1,2,4.5,3.7,7,5.1c1.3,0.7,2.7,1.3,4.1,1.7c0.1,0,0.3,0,0.4,0c1.4-0.4,2.8-1,4.1-1.7\r\n\tc2.6-1.4,4.9-3.1,7-5.1c2.9-2.7,5.1-5.9,6.7-9.5c1.5-3.6,2.3-7.5,2.3-11.4v-8.7C62.4,28.5,62,28.1,61.6,27.9L61.6,27.9z M60.3,37.6\r\n\tc0.1,7.4-3,14.4-8.4,19.4c-2,1.9-4.2,3.5-6.6,4.8c-1.7,1.8-4.5,1.9-6.4,0.3c-0.1-0.1-0.2-0.2-0.3-0.3C36.2,60.5,34,58.9,32,57\r\n\tc-5.4-5-8.5-12.1-8.4-19.4v-7.9c6.3-1.9,12.4-4.3,18.3-7.4c5.8,3,12,5.5,18.3,7.4L60.3,37.6L60.3,37.6z M33.3,53.1L33.3,53.1\r\n\tc-0.4-0.4-1.1-0.5-1.5-0.1s-0.4,1-0.1,1.5l0,0c0.2,0.2,0.5,0.3,0.8,0.3c0.6,0,1-0.5,1-1.1C33.6,53.5,33.5,53.3,33.3,53.1L33.3,53.1z\r\n\t M39,57.8c-1.3-0.8-2.5-1.7-3.6-2.7c-0.4-0.4-1.1-0.3-1.5,0.1s-0.3,1.1,0.1,1.5l0,0c1.2,1.1,2.5,2,3.9,2.9c0.2,0.1,0.4,0.2,0.6,0.2\r\n\tc0.4,0,0.7-0.2,0.9-0.5C39.6,58.7,39.5,58.1,39,57.8L39,57.8L39,57.8z M51.1,34.1c-0.6-0.6-1.4-0.9-2.3-0.9s-1.7,0.3-2.3,0.9\r\n\tl-6.6,6.6l-2.4-2.4c-0.6-0.6-1.4-0.9-2.3-0.9c-1.8,0-3.2,1.4-3.3,3.2c0,0.9,0.3,1.7,1,2.3l4.7,4.7c0.6,0.6,1.4,1,2.3,0.9\r\n\tc0.9,0,1.7-0.3,2.3-0.9l8.9-8.9C52.3,37.5,52.2,35.5,51.1,34.1L51.1,34.1z M49.7,37.3l-8.9,8.9c-0.5,0.5-1.2,0.5-1.7,0l-4.8-4.7\r\n\tc-0.5-0.5-0.5-1.2,0-1.6c0.5-0.5,1.2-0.5,1.7,0l3.1,3.1c0.4,0.4,1.1,0.4,1.5,0l7.4-7.3c0.5-0.5,1.2-0.5,1.7,0\r\n\tC50,36,49.8,36.7,49.7,37.3L49.7,37.3z\"\/>\r\n<\/svg>\r\n<\/div>\t\t\t\t\t\t\t\t\t\t\t\t\t\t\t\t\n\t\t\t\t\t\t\t\n\t\t\t\t\t\t\t<\/div>\n\t\t\t\t\t\t<\/div>\n\t\t\t\t\t\t\t\t\t\t<div class=\"info-box-content\">\n\t\t\t\t\t\t<h4 class=\"info-box-title woodmart-font-weight- box-title-style-default\">Gestion de R\u00e9gimes \u00c9conomiques<\/h4>\t\t\t\t\t\t<div class=\"info-box-inner reset-mb-10\">\n\t\t\t\t\t\t\t<p>Nous suivons et g\u00e9rons vos comptes en r\u00e9gimes \u00e9conomiques en douanes pour maximiser vos avantages fiscaux.<\/p>\n\t\t\t\t\t\t<\/div>\n\n\t\t\t\t\t\t\t\t\t\t\t\t\n\t\t\t\t\t<\/div>\n\n\t\t\t\t\t<style>#wd-654e7c9c98424 .info-box-icon {background-color:  !important;}#wd-654e7c9c98424:hover .info-box-icon{background-color:  !important;}<\/style>\t\t\t\t<\/div>\n\t\t\t<\/div>\n\t\t\t\t\t<div class=\"info-box-wrapper \">\n\t\t\t\t<div id=\"wd-654e7ca7dfc9a\" class=\" woodmart-info-box text-left box-icon-align-left box-style- color-scheme- woodmart-bg-none wpb_animate_when_almost_visible wpb_wd-slide-from-bottom wd-slide-from-bottom box-title-default \"  >\n\t\t\t\t\t\t\t\t\t\t\t<div class=\"box-icon-wrapper  box-with-icon box-icon-with-border\">\n\t\t\t\t\t\t\t<div class=\"info-box-icon\">\n\n\t\t\t\t\t\t\t\n\t\t\t\t\t\t\t\t\t\t\t\t\t\t\t\t\t<div class=\"info-svg-wrapper info-icon\" style=\"width: 46px;height: 46px;\"><svg version=\"1.1\" id=\"corp-protection\" xmlns=\"http:\/\/www.w3.org\/2000\/svg\" xmlns:xlink=\"http:\/\/www.w3.org\/1999\/xlink\" x=\"0px\"\r\n\t y=\"0px\" viewBox=\"0 0 84 84\" style=\"enable-background:new 0 0 84 84;\" xml:space=\"preserve\">\r\n<path id=\"svg-8010\" style=\"fill:#0F91E3;\" d=\"M65.2,25.2c-7.9-2.1-15.5-5.1-22.7-9c-0.3-0.2-0.7-0.2-1,0c-7.1,4-14.8,7-22.7,9\r\n\tc-0.5,0.1-0.8,0.5-0.8,1v11.4c-0.1,9.1,3.8,17.9,10.6,24C33.8,66.4,39.8,69,42,69s8.2-2.6,13.4-7.4c6.8-6.1,10.7-14.8,10.6-24V26.2\r\n\tC66,25.7,65.7,25.3,65.2,25.2z M54,60.1c-2.3,2.1-4.8,3.9-7.5,5.3c-2.6,2.2-6.3,2.2-8.9,0c-2.7-1.4-5.3-3.2-7.5-5.3\r\n\tc-6.4-5.7-10-13.9-9.9-22.5V27c7.6-2,15-5,21.9-8.8C49,22,56.4,24.9,64,27v10.6l0,0C64,46.2,60.4,54.3,54,60.1L54,60.1z M61.6,27.9\r\n\tc-6.6-1.9-13-4.5-19.1-7.7c-0.3-0.2-0.7-0.2-1,0C35.4,23.4,29,26,22.4,27.9c-0.4,0.1-0.8,0.5-0.8,1v8.7c0,3.9,0.8,7.8,2.3,11.4\r\n\tc1.6,3.6,3.9,6.8,6.7,9.5c2.1,2,4.5,3.7,7,5.1c1.3,0.7,2.7,1.3,4.1,1.7c0.1,0,0.3,0,0.4,0c1.4-0.4,2.8-1,4.1-1.7\r\n\tc2.6-1.4,4.9-3.1,7-5.1c2.9-2.7,5.1-5.9,6.7-9.5c1.5-3.6,2.3-7.5,2.3-11.4v-8.7C62.4,28.5,62,28.1,61.6,27.9L61.6,27.9z M60.3,37.6\r\n\tc0.1,7.4-3,14.4-8.4,19.4c-2,1.9-4.2,3.5-6.6,4.8c-1.7,1.8-4.5,1.9-6.4,0.3c-0.1-0.1-0.2-0.2-0.3-0.3C36.2,60.5,34,58.9,32,57\r\n\tc-5.4-5-8.5-12.1-8.4-19.4v-7.9c6.3-1.9,12.4-4.3,18.3-7.4c5.8,3,12,5.5,18.3,7.4L60.3,37.6L60.3,37.6z M33.3,53.1L33.3,53.1\r\n\tc-0.4-0.4-1.1-0.5-1.5-0.1s-0.4,1-0.1,1.5l0,0c0.2,0.2,0.5,0.3,0.8,0.3c0.6,0,1-0.5,1-1.1C33.6,53.5,33.5,53.3,33.3,53.1L33.3,53.1z\r\n\t M39,57.8c-1.3-0.8-2.5-1.7-3.6-2.7c-0.4-0.4-1.1-0.3-1.5,0.1s-0.3,1.1,0.1,1.5l0,0c1.2,1.1,2.5,2,3.9,2.9c0.2,0.1,0.4,0.2,0.6,0.2\r\n\tc0.4,0,0.7-0.2,0.9-0.5C39.6,58.7,39.5,58.1,39,57.8L39,57.8L39,57.8z M51.1,34.1c-0.6-0.6-1.4-0.9-2.3-0.9s-1.7,0.3-2.3,0.9\r\n\tl-6.6,6.6l-2.4-2.4c-0.6-0.6-1.4-0.9-2.3-0.9c-1.8,0-3.2,1.4-3.3,3.2c0,0.9,0.3,1.7,1,2.3l4.7,4.7c0.6,0.6,1.4,1,2.3,0.9\r\n\tc0.9,0,1.7-0.3,2.3-0.9l8.9-8.9C52.3,37.5,52.2,35.5,51.1,34.1L51.1,34.1z M49.7,37.3l-8.9,8.9c-0.5,0.5-1.2,0.5-1.7,0l-4.8-4.7\r\n\tc-0.5-0.5-0.5-1.2,0-1.6c0.5-0.5,1.2-0.5,1.7,0l3.1,3.1c0.4,0.4,1.1,0.4,1.5,0l7.4-7.3c0.5-0.5,1.2-0.5,1.7,0\r\n\tC50,36,49.8,36.7,49.7,37.3L49.7,37.3z\"\/>\r\n<\/svg>\r\n<\/div>\t\t\t\t\t\t\t\t\t\t\t\t\t\t\t\t\n\t\t\t\t\t\t\t\n\t\t\t\t\t\t\t<\/div>\n\t\t\t\t\t\t<\/div>\n\t\t\t\t\t\t\t\t\t\t<div class=\"info-box-content\">\n\t\t\t\t\t\t<h4 class=\"info-box-title woodmart-font-weight- box-title-style-default\">R\u00e9servation de Fret<\/h4>\t\t\t\t\t\t<div class=\"info-box-inner reset-mb-10\">\n\t\t\t\t\t\t\t<p>Nous r\u00e9servons le fret routier, maritime et a\u00e9rien, offrant une solution compl\u00e8te pour vos besoins logistiques.<\/p>\n\t\t\t\t\t\t<\/div>\n\n\t\t\t\t\t\t\t\t\t\t\t\t\n\t\t\t\t\t<\/div>\n\n\t\t\t\t\t<style>#wd-654e7ca7dfc9a .info-box-icon {background-color:  !important;}#wd-654e7ca7dfc9a:hover .info-box-icon{background-color:  !important;}<\/style>\t\t\t\t<\/div>\n\t\t\t<\/div>\n\t\t\t\t\t<div class=\"info-box-wrapper \">\n\t\t\t\t<div id=\"wd-654e7cd8f3330\" class=\" woodmart-info-box text-left box-icon-align-left box-style- color-scheme- woodmart-bg-none wpb_animate_when_almost_visible wpb_wd-slide-from-bottom wd-slide-from-bottom box-title-default \"  >\n\t\t\t\t\t\t\t\t\t\t\t<div class=\"box-icon-wrapper  box-with-icon box-icon-with-border\">\n\t\t\t\t\t\t\t<div class=\"info-box-icon\">\n\n\t\t\t\t\t\t\t\n\t\t\t\t\t\t\t\t\t\t\t\t\t\t\t\t\t<div class=\"info-svg-wrapper info-icon\" style=\"width: 46px;height: 46px;\"><svg version=\"1.1\" id=\"corp-protection\" xmlns=\"http:\/\/www.w3.org\/2000\/svg\" xmlns:xlink=\"http:\/\/www.w3.org\/1999\/xlink\" x=\"0px\"\r\n\t y=\"0px\" viewBox=\"0 0 84 84\" style=\"enable-background:new 0 0 84 84;\" xml:space=\"preserve\">\r\n<path id=\"svg-8495\" style=\"fill:#0F91E3;\" d=\"M65.2,25.2c-7.9-2.1-15.5-5.1-22.7-9c-0.3-0.2-0.7-0.2-1,0c-7.1,4-14.8,7-22.7,9\r\n\tc-0.5,0.1-0.8,0.5-0.8,1v11.4c-0.1,9.1,3.8,17.9,10.6,24C33.8,66.4,39.8,69,42,69s8.2-2.6,13.4-7.4c6.8-6.1,10.7-14.8,10.6-24V26.2\r\n\tC66,25.7,65.7,25.3,65.2,25.2z M54,60.1c-2.3,2.1-4.8,3.9-7.5,5.3c-2.6,2.2-6.3,2.2-8.9,0c-2.7-1.4-5.3-3.2-7.5-5.3\r\n\tc-6.4-5.7-10-13.9-9.9-22.5V27c7.6-2,15-5,21.9-8.8C49,22,56.4,24.9,64,27v10.6l0,0C64,46.2,60.4,54.3,54,60.1L54,60.1z M61.6,27.9\r\n\tc-6.6-1.9-13-4.5-19.1-7.7c-0.3-0.2-0.7-0.2-1,0C35.4,23.4,29,26,22.4,27.9c-0.4,0.1-0.8,0.5-0.8,1v8.7c0,3.9,0.8,7.8,2.3,11.4\r\n\tc1.6,3.6,3.9,6.8,6.7,9.5c2.1,2,4.5,3.7,7,5.1c1.3,0.7,2.7,1.3,4.1,1.7c0.1,0,0.3,0,0.4,0c1.4-0.4,2.8-1,4.1-1.7\r\n\tc2.6-1.4,4.9-3.1,7-5.1c2.9-2.7,5.1-5.9,6.7-9.5c1.5-3.6,2.3-7.5,2.3-11.4v-8.7C62.4,28.5,62,28.1,61.6,27.9L61.6,27.9z M60.3,37.6\r\n\tc0.1,7.4-3,14.4-8.4,19.4c-2,1.9-4.2,3.5-6.6,4.8c-1.7,1.8-4.5,1.9-6.4,0.3c-0.1-0.1-0.2-0.2-0.3-0.3C36.2,60.5,34,58.9,32,57\r\n\tc-5.4-5-8.5-12.1-8.4-19.4v-7.9c6.3-1.9,12.4-4.3,18.3-7.4c5.8,3,12,5.5,18.3,7.4L60.3,37.6L60.3,37.6z M33.3,53.1L33.3,53.1\r\n\tc-0.4-0.4-1.1-0.5-1.5-0.1s-0.4,1-0.1,1.5l0,0c0.2,0.2,0.5,0.3,0.8,0.3c0.6,0,1-0.5,1-1.1C33.6,53.5,33.5,53.3,33.3,53.1L33.3,53.1z\r\n\t M39,57.8c-1.3-0.8-2.5-1.7-3.6-2.7c-0.4-0.4-1.1-0.3-1.5,0.1s-0.3,1.1,0.1,1.5l0,0c1.2,1.1,2.5,2,3.9,2.9c0.2,0.1,0.4,0.2,0.6,0.2\r\n\tc0.4,0,0.7-0.2,0.9-0.5C39.6,58.7,39.5,58.1,39,57.8L39,57.8L39,57.8z M51.1,34.1c-0.6-0.6-1.4-0.9-2.3-0.9s-1.7,0.3-2.3,0.9\r\n\tl-6.6,6.6l-2.4-2.4c-0.6-0.6-1.4-0.9-2.3-0.9c-1.8,0-3.2,1.4-3.3,3.2c0,0.9,0.3,1.7,1,2.3l4.7,4.7c0.6,0.6,1.4,1,2.3,0.9\r\n\tc0.9,0,1.7-0.3,2.3-0.9l8.9-8.9C52.3,37.5,52.2,35.5,51.1,34.1L51.1,34.1z M49.7,37.3l-8.9,8.9c-0.5,0.5-1.2,0.5-1.7,0l-4.8-4.7\r\n\tc-0.5-0.5-0.5-1.2,0-1.6c0.5-0.5,1.2-0.5,1.7,0l3.1,3.1c0.4,0.4,1.1,0.4,1.5,0l7.4-7.3c0.5-0.5,1.2-0.5,1.7,0\r\n\tC50,36,49.8,36.7,49.7,37.3L49.7,37.3z\"\/>\r\n<\/svg>\r\n<\/div>\t\t\t\t\t\t\t\t\t\t\t\t\t\t\t\t\n\t\t\t\t\t\t\t\n\t\t\t\t\t\t\t<\/div>\n\t\t\t\t\t\t<\/div>\n\t\t\t\t\t\t\t\t\t\t<div class=\"info-box-content\">\n\t\t\t\t\t\t<h4 class=\"info-box-title woodmart-font-weight- box-title-style-default\">Consulting et Assistance Client<\/h4>\t\t\t\t\t\t<div class=\"info-box-inner reset-mb-10\">\n\t\t\t\t\t\t\t<p>Notre \u00e9quipe fournit des conseils personnalis\u00e9s et une assistance compl\u00e8te pour r\u00e9pondre \u00e0 vos besoins sp\u00e9cifiques.<\/p>\n\t\t\t\t\t\t<\/div>\n\n\t\t\t\t\t\t\t\t\t\t\t\t\n\t\t\t\t\t<\/div>\n\n\t\t\t\t\t<style>#wd-654e7cd8f3330 .info-box-icon {background-color:  !important;}#wd-654e7cd8f3330:hover .info-box-icon{background-color:  !important;}<\/style>\t\t\t\t<\/div>\n\t\t\t<\/div>\n\t\t<\/div><\/div><\/div><div class=\"wpb_column vc_column_container vc_col-sm-6 vc_col-lg-4 vc_col-md-4 vc_col-xs-12\"><div class=\"vc_column-inner vc_custom_1528458649935\"><div class=\"wpb_wrapper\">\n\t<div  class=\"wpb_single_image wpb_content_element vc_align_center wpb_animate_when_almost_visible wpb_wd-right-flip-y wd-right-flip-y vc_custom_1683475538842\">\n\t\t\n\t\t<figure class=\"wpb_wrapper vc_figure\">\n\t\t\t<div class=\"vc_single_image-wrapper   vc_box_border_grey\"><img loading=\"lazy\" decoding=\"async\" class=\"vc_single_image-img \" src=\"https:\/\/www.floomagency.com\/hustle15\/wp-content\/uploads\/2023\/04\/images-1.jpeg\" width=\"275\" height=\"183\" alt=\"images (1)\" title=\"images (1)\" \/><\/div>\n\t\t<\/figure>\n\t<\/div>\n<\/div><\/div><\/div><div class=\"wpb_column vc_column_container vc_col-sm-6 vc_col-lg-4 vc_col-md-4 vc_col-xs-12\"><div class=\"vc_column-inner vc_custom_1528458656041\"><div class=\"wpb_wrapper\">\n\t<div  class=\"wpb_single_image wpb_content_element vc_align_center wpb_animate_when_almost_visible wpb_wd-left-flip-y wd-left-flip-y vc_custom_1683475558270\">\n\t\t\n\t\t<figure class=\"wpb_wrapper vc_figure\">\n\t\t\t<div class=\"vc_single_image-wrapper   vc_box_border_grey\"><img loading=\"lazy\" decoding=\"async\" class=\"vc_single_image-img \" src=\"https:\/\/www.floomagency.com\/hustle15\/wp-content\/uploads\/2023\/04\/hyh5wpV6-QR1l_VxlZRQq-transformed-1-375x500.jpeg\" width=\"375\" height=\"500\" alt=\"hyh5wpV6-QR1l_VxlZRQq-transformed (1)\" title=\"hyh5wpV6-QR1l_VxlZRQq-transformed (1)\" \/><\/div>\n\t\t<\/figure>\n\t<\/div>\n<\/div><\/div><\/div><\/div><div class=\"vc_row wpb_row vc_row-fluid vc_custom_1689088268308 vc_row-o-content-middle vc_row-flex row-reverse-mobile\"><div class=\"wpb_column vc_column_container vc_col-sm-12 vc_col-lg-5 vc_col-md-6\"><div class=\"vc_column-inner vc_custom_1528457439256\"><div class=\"wpb_wrapper\">\t\n\t\t\t<div id=\"wd-654e7be3a30d1\" class=\"woodmart-text-block-wrapper color-scheme-dark woodmart-title-size-medium woodmart-title-width-100 text-left wpb_animate_when_almost_visible wpb_wd-slide-from-bottom wd-slide-from-bottom vc_custom_1699642370760\">\n\t\t\t\t<div class=\"woodmart-title-container woodmart-text-block font-text woodmart-font-weight-600\">\n\t\t\t\t\tTransit et <span class=\"color-primary\">Gestion Douani\u00e8re<\/span>\t\t\t\t<\/div>\n\t\t\t\t\t\n\t\t\t<\/div>\n\t\t\t\n\t\t\t<div id=\"wd-64acb21f5e8ab\" class=\"woodmart-text-block-wrapper color-scheme- woodmart-title-size-custom woodmart-title-width-100 text-left wpb_animate_when_almost_visible wpb_wd-slide-from-bottom wd-slide-from-bottom \">\n\t\t\t\t<div class=\"woodmart-title-container woodmart-text-block font-text woodmart-font-weight-400\">\n\t\t\t\t\t&#8211; Accomplissement des formalit\u00e9s de d\u00e9douanement.<br \/>\n&#8211; Gestion de vos comptes en r\u00e9gimes \u00e9conomiques en douanes.<br \/>\n&#8211; R\u00e9servation du fret : routier, maritime et a\u00e9rien .<br \/>\n&#8211; Consulting et assistance aux clients .<br \/>\n&#8211; Analyse et traitement anticip\u00e9 de vos dossiers .<br \/>\n&#8211; Rapidit\u00e9, cr\u00e9dibilit\u00e9, transparence et retour d&rsquo;information r\u00e9gulier.\t\t\t\t<\/div>\n\t\t\t\t\t\n\t\t\t<\/div>\n\t\t<div id=\"wd-65fb54dbaab62\" class=\"woodmart-button-wrapper wpb_animate_when_almost_visible wpb_wd-slide-from-bottom wd-slide-from-bottom text-center inline-element\"><a href=\"https:\/\/www.floomagency.com\/hustle15\/contact\/\" title=\"Contact Us 3\" class=\"btn btn-color-primary btn-style-default btn-shape-semi-round btn-size-default\">Contact<\/a><\/div><div id=\"wd-65fb53a01b07a\" class=\"woodmart-button-wrapper wpb_animate_when_almost_visible wpb_wd-slide-from-bottom wd-slide-from-bottom text-center inline-element\"><a href=\"https:\/\/www.floomagency.com\/hustle15\/contact\/\" title=\"\u2013 Home Transpoort\" class=\"btn btn-color-default btn-style-bordered btn-shape-semi-round btn-size-default\">Demande de devis<\/a><\/div><\/div><\/div><\/div><div class=\"wpb_column vc_column_container vc_col-sm-12 vc_col-lg-7 vc_col-md-6\"><div class=\"vc_column-inner vc_custom_1528457435135\"><div class=\"wpb_wrapper\">\n\t<div class=\"wpb_raw_code wpb_content_element wpb_raw_html\" >\n\t\t<div class=\"wpb_wrapper\">\n\t\t\t<div class=\"blog-image\">\n\t<video width=\"100%\" muted loop playsinline autoplay alt=\"\"\/>\n\t<source src=\"https:\/\/www.floomagency.com\/hustle15\/wp-content\/uploads\/2024\/02\/anas-douane-_1.mp4\" type=\"video\/mp4\" \/>\n\t<\/video>\n\t<\/div>\n\t\t<\/div>\n\t<\/div>\n<\/div><\/div><\/div><\/div>\n","protected":false},"excerpt":{"rendered":"Transport Exceptionnel International Au sein du d\u00e9partement Transit d'Anastransport, nous mettons \u00e0 votre disposition une gamme compl\u00e8te de services pour","protected":false},"author":1,"featured_media":0,"parent":0,"menu_order":0,"comment_status":"closed","ping_status":"closed","template":"","meta":{"footnotes":""},"class_list":["post-7347","page","type-page","status-publish","hentry"],"_links":{"self":[{"href":"https:\/\/www.floomagency.com\/hustle15\/wp-json\/wp\/v2\/pages\/7347","targetHints":{"allow":["GET"]}}],"collection":[{"href":"https:\/\/www.floomagency.com\/hustle15\/wp-json\/wp\/v2\/pages"}],"about":[{"href":"https:\/\/www.floomagency.com\/hustle15\/wp-json\/wp\/v2\/types\/page"}],"author":[{"embeddable":true,"href":"https:\/\/www.floomagency.com\/hustle15\/wp-json\/wp\/v2\/users\/1"}],"replies":[{"embeddable":true,"href":"https:\/\/www.floomagency.com\/hustle15\/wp-json\/wp\/v2\/comments?post=7347"}],"version-history":[{"count":15,"href":"https:\/\/www.floomagency.com\/hustle15\/wp-json\/wp\/v2\/pages\/7347\/revisions"}],"predecessor-version":[{"id":8213,"href":"https:\/\/www.floomagency.com\/hustle15\/wp-json\/wp\/v2\/pages\/7347\/revisions\/8213"}],"wp:attachment":[{"href":"https:\/\/www.floomagency.com\/hustle15\/wp-json\/wp\/v2\/media?parent=7347"}],"curies":[{"name":"wp","href":"https:\/\/api.w.org\/{rel}","templated":true}]}}