{"id":8109,"date":"2024-03-28T05:33:20","date_gmt":"2024-03-28T05:33:20","guid":{"rendered":"https:\/\/www.floomagency.com\/hustle15\/?page_id=8109"},"modified":"2024-04-04T05:25:19","modified_gmt":"2024-04-04T05:25:19","slug":"home-aerien","status":"publish","type":"page","link":"https:\/\/www.floomagency.com\/hustle15\/en\/home-aerien\/","title":{"rendered":"&#8211; Home A\u00e9rien"},"content":{"rendered":"<div class=\"vc_row wpb_row vc_row-fluid vc_custom_1528096517341\"><div class=\"wpb_column vc_column_container vc_col-sm-12 vc_col-lg-7 vc_col-md-6\"><div class=\"vc_column-inner vc_custom_1528111130211\"><div class=\"wpb_wrapper\">\n\t<div  class=\"wpb_single_image wpb_content_element vc_align_left wpb_animate_when_almost_visible wpb_wd-right-flip-y wd-right-flip-y vc_custom_1711663879161\">\n\t\t\n\t\t<figure class=\"wpb_wrapper vc_figure\">\n\t\t\t<div class=\"vc_single_image-wrapper   vc_box_border_grey\"><img loading=\"lazy\" decoding=\"async\" class=\"vc_single_image-img\" src=\"https:\/\/www.floomagency.com\/hustle15\/wp-content\/uploads\/2024\/03\/Untitled-6-1-700x400.jpg\" width=\"700\" height=\"400\" alt=\"Untitled-6 (1)\" title=\"Untitled-6 (1)\" \/><\/div>\n\t\t<\/figure>\n\t<\/div>\n<\/div><\/div><\/div><div class=\"wpb_column vc_column_container vc_col-sm-12 vc_col-lg-5 vc_col-md-6\"><div class=\"vc_column-inner vc_custom_1711520010460\"><div class=\"wpb_wrapper\">\t\n\t\t\t<div id=\"wd-64ac3dc12554b\" class=\"woodmart-text-block-wrapper color-scheme-dark woodmart-title-size-custom woodmart-title-width-100 text-left wpb_animate_when_almost_visible wpb_wd-slide-from-bottom wd-slide-from-bottom vc_custom_1689009606163\">\n\t\t\t\t<div class=\"woodmart-title-container woodmart-text-block font-primary woodmart-font-weight-500\">\n\t\t\t\t\t<\/p>\n<h4 class=\"info-box-title woodmart-font-weight- box-title-style-default\">TRANSPORT AERIEN<\/h4>\n<p>\t\t\t\t<\/div>\n\t\t\t\t\t\n\t\t\t<\/div>\n\t\t\t\n\t\t\t<div id=\"wd-65c55dd05352c\" class=\"woodmart-text-block-wrapper color-scheme- woodmart-title-size-custom woodmart-title-width-100 text-left wpb_animate_when_almost_visible wpb_wd-slide-from-bottom wd-slide-from-bottom\">\n\t\t\t\t<div class=\"woodmart-title-container woodmart-text-block font-text woodmart-font-weight-400\">\n\t\t\t\t\tPour toutes vos demandes urgentes, Anastransport and logistics b\u00e9n\u00e9ficie d&rsquo;un r\u00e9seau mondial d&rsquo;agents agr\u00e9\u00e9s IATA, offrant des services Express en transport combin\u00e9 Air\/Route pour des solutions door to door. Faites confiance \u00e0 notre expertise pour des exp\u00e9ditions a\u00e9riennes rapides et fiables.\t\t\t\t<\/div>\n\t\t\t\t\t\n\t\t\t<\/div>\n\t\t<div id=\"wd-65fb54dbaab62\" class=\"woodmart-button-wrapper wpb_animate_when_almost_visible wpb_wd-slide-from-bottom wd-slide-from-bottom text-center inline-element\"><a href=\"https:\/\/www.floomagency.com\/hustle15\/en\/contact\/\" title=\"Contact Us 3\" class=\"btn btn-color-primary btn-style-default btn-shape-semi-round btn-size-default\">Contact<\/a><\/div><div id=\"wd-65fb53a01b07a\" class=\"woodmart-button-wrapper wpb_animate_when_almost_visible wpb_wd-slide-from-bottom wd-slide-from-bottom text-center inline-element\"><a href=\"https:\/\/www.floomagency.com\/hustle15\/en\/contact\/\" title=\"\u2013 Home Transpoort\" class=\"btn btn-color-default btn-style-bordered btn-shape-semi-round btn-size-default\">Demande de devis<\/a><\/div><\/div><\/div><\/div><\/div><div class=\"vc_row wpb_row vc_row-fluid wpb_animate_when_almost_visible wpb_fadeIn fadeIn vc_custom_1711689161771\"><div class=\"wpb_column vc_column_container vc_col-sm-12\"><div class=\"vc_column-inner\"><div class=\"wpb_wrapper\">\t\t\n\t\t<div id=\"wd-66064e1f56112\" class=\"title-wrapper  woodmart-title-color-default woodmart-title-style-bordered woodmart-title-width-100 text-center woodmart-title-size-large\">\n\t\t\t\t\t\t\n\t\t\t<div class=\"liner-continer\">\n\t\t\t\t<span class=\"left-line\"><\/span>\n\t\t\t\t<h4 class=\"woodmart-title-container title  woodmart-font-weight-\" >Network<\/h4>\t\t\t\t\t\t\t\t<span class=\"right-line\"><\/span>\n\t\t\t<\/div>\n\t\t\t\n\t\t\t\t\t\t\n\t\t\t\t\t<\/div>\n\t\t\n\t\t\t\t<div id=\"gallery_581\" class=\"woodmart-images-gallery view-carousel photoswipe-images woodmart-carousel-spacing-10 woodmart-carousel-container\" data-owl-carousel data-wrap=\"no\" data-hide_pagination_control=\"yes\" data-hide_prev_next_buttons=\"yes\" data-desktop=\"2\" data-tablet_landscape=\"2\" data-tablet=\"1\" data-mobile=\"1\">\n\t\t\t<div class=\"gallery-images owl-carousel owl-items-lg-2 owl-items-md-2 owl-items-sm-1 owl-items-xs-1\">\n\t\t\t\t\t\t\t\t\t\t\t\t\t\t\t<div class=\"woodmart-gallery-item\">\n\t\t\t\t\t\t\t\t\t\t\t\t\t\t<a href=\"https:\/\/www.floomagency.com\/hustle15\/wp-content\/uploads\/2024\/02\/WhatsApp-Image-2024-02-01-at-12.10.15.jpeg\" data-elementor-open-lightbox=\"no\" data-index=\"1\" data-width=\"480\" data-height=\"142\"  >\n\t\t\t\t\t\t\t\t\t\t\t\t\t\t\t\t\n\t\t\t\t\t\t\t\t\t\t\t\t\t\t\t\t\t<img loading=\"lazy\" decoding=\"async\" width=\"480\" height=\"142\" src=\"https:\/\/www.floomagency.com\/hustle15\/wp-content\/uploads\/2024\/02\/WhatsApp-Image-2024-02-01-at-12.10.15.jpeg\" class=\"woodmart-gallery-image image-1 attachment-full\" alt=\"\" title=\"WhatsApp Image 2024-02-01 at 12.10.15\" srcset=\"https:\/\/www.floomagency.com\/hustle15\/wp-content\/uploads\/2024\/02\/WhatsApp-Image-2024-02-01-at-12.10.15.jpeg 480w, https:\/\/www.floomagency.com\/hustle15\/wp-content\/uploads\/2024\/02\/WhatsApp-Image-2024-02-01-at-12.10.15-300x89.jpeg 300w\" sizes=\"auto, (max-width: 480px) 100vw, 480px\" \/>\t\t\t\t\t\t\t\t\t\t\t\t\t\t\t\t\n\t\t\t\t\t\t\t\t\n\t\t\t\t\t\t\t\t\t\t\t\t\t\t\t<\/a>\n\t\t\t\t\t\t\t\t\t\t\t\t<\/div>\n\t\t\t\t\t\t\t\t\t\t\t<div class=\"woodmart-gallery-item\">\n\t\t\t\t\t\t\t\t\t\t\t\t\t\t<a href=\"https:\/\/www.floomagency.com\/hustle15\/wp-content\/uploads\/2024\/02\/WhatsApp-Image-2024-02-01-at-12.10.02.jpeg\" data-elementor-open-lightbox=\"no\" data-index=\"2\" data-width=\"400\" data-height=\"159\"  >\n\t\t\t\t\t\t\t\t\t\t\t\t\t\t\t\t\n\t\t\t\t\t\t\t\t\t\t\t\t\t\t\t\t\t<img loading=\"lazy\" decoding=\"async\" width=\"400\" height=\"159\" src=\"https:\/\/www.floomagency.com\/hustle15\/wp-content\/uploads\/2024\/02\/WhatsApp-Image-2024-02-01-at-12.10.02.jpeg\" class=\"woodmart-gallery-image image-2 attachment-full\" alt=\"\" title=\"WhatsApp Image 2024-02-01 at 12.10.02\" srcset=\"https:\/\/www.floomagency.com\/hustle15\/wp-content\/uploads\/2024\/02\/WhatsApp-Image-2024-02-01-at-12.10.02.jpeg 400w, https:\/\/www.floomagency.com\/hustle15\/wp-content\/uploads\/2024\/02\/WhatsApp-Image-2024-02-01-at-12.10.02-300x119.jpeg 300w\" sizes=\"auto, (max-width: 400px) 100vw, 400px\" \/>\t\t\t\t\t\t\t\t\t\t\t\t\t\t\t\t\n\t\t\t\t\t\t\t\t\n\t\t\t\t\t\t\t\t\t\t\t\t\t\t\t<\/a>\n\t\t\t\t\t\t\t\t\t\t\t\t<\/div>\n\t\t\t\t\t\t\t\t\t\t\t\t<\/div>\n\t\t<\/div>\n\t\t\t\t<\/div><\/div><\/div><\/div><div data-vc-full-width=\"true\" data-vc-full-width-init=\"false\" data-vc-stretch-content=\"true\" class=\"vc_row wpb_row vc_row-fluid vc_custom_1639146847157 vc_row-no-padding\"><div class=\"wpb_column vc_column_container vc_col-sm-12\"><div class=\"vc_column-inner\"><div class=\"wpb_wrapper\"><\/div><\/div><\/div><\/div><div class=\"vc_row-full-width vc_clearfix\"><\/div>","protected":false},"excerpt":{"rendered":"TRANSPORT AERIEN Pour toutes vos demandes urgentes, Anastransport and logistics b\u00e9n\u00e9ficie d'un r\u00e9seau mondial d'agents agr\u00e9\u00e9s IATA, offrant des services","protected":false},"author":1,"featured_media":0,"parent":0,"menu_order":0,"comment_status":"closed","ping_status":"closed","template":"","meta":{"footnotes":""},"class_list":["post-8109","page","type-page","status-publish","hentry"],"_links":{"self":[{"href":"https:\/\/www.floomagency.com\/hustle15\/en\/wp-json\/wp\/v2\/pages\/8109","targetHints":{"allow":["GET"]}}],"collection":[{"href":"https:\/\/www.floomagency.com\/hustle15\/en\/wp-json\/wp\/v2\/pages"}],"about":[{"href":"https:\/\/www.floomagency.com\/hustle15\/en\/wp-json\/wp\/v2\/types\/page"}],"author":[{"embeddable":true,"href":"https:\/\/www.floomagency.com\/hustle15\/en\/wp-json\/wp\/v2\/users\/1"}],"replies":[{"embeddable":true,"href":"https:\/\/www.floomagency.com\/hustle15\/en\/wp-json\/wp\/v2\/comments?post=8109"}],"version-history":[{"count":8,"href":"https:\/\/www.floomagency.com\/hustle15\/en\/wp-json\/wp\/v2\/pages\/8109\/revisions"}],"predecessor-version":[{"id":8211,"href":"https:\/\/www.floomagency.com\/hustle15\/en\/wp-json\/wp\/v2\/pages\/8109\/revisions\/8211"}],"wp:attachment":[{"href":"https:\/\/www.floomagency.com\/hustle15\/en\/wp-json\/wp\/v2\/media?parent=8109"}],"curies":[{"name":"wp","href":"https:\/\/api.w.org\/{rel}","templated":true}]}}