{"id":646,"date":"2017-06-26T14:07:05","date_gmt":"2017-06-26T14:07:05","guid":{"rendered":"http:\/\/dummy.xtemos.com\/woodmart\/demos\/?page_id=646"},"modified":"2024-03-18T23:45:58","modified_gmt":"2024-03-18T23:45:58","slug":"contact-us","status":"publish","type":"page","link":"https:\/\/www.floomagency.com\/hustle15\/en\/contact-us\/","title":{"rendered":"Contact Us"},"content":{"rendered":"<div class=\"vc_row wpb_row vc_row-fluid vc_custom_1496926452255 vc_row-o-equal-height vc_row-flex\"><div class=\"wpb_column vc_column_container vc_col-sm-12 vc_col-lg-6 vc_col-md-6 vc_col-has-fill\"><div class=\"vc_column-inner vc_custom_1496927710186\"><div class=\"wpb_wrapper\">\t\t\n\t\t<div id=\"wd-65f768ec7cc80\" class=\"title-wrapper  woodmart-title-color-default woodmart-title-style-default woodmart-title-width-100 text-left woodmart-title-size-default\">\n\t\t\t\t\t\t\n\t\t\t<div class=\"liner-continer\">\n\t\t\t\t<span class=\"left-line\"><\/span>\n\t\t\t\t<h4 class=\"woodmart-title-container title  woodmart-font-weight-\" >Anas transport and logistics. Une exp\u00e9rience unique !<\/h4>\t\t\t\t\t\t\t\t<span class=\"right-line\"><\/span>\n\t\t\t<\/div>\n\t\t\t\n\t\t\t\t\t\t\n\t\t\t\t\t<\/div>\n\t\t\n\t\t\n\t<div  class=\"wpb_single_image wpb_content_element vc_align_center\">\n\t\t\n\t\t<figure class=\"wpb_wrapper vc_figure\">\n\t\t\t<div class=\"vc_single_image-wrapper   vc_box_border_grey\"><img loading=\"lazy\" decoding=\"async\" width=\"350\" height=\"250\" src=\"https:\/\/www.floomagency.com\/hustle15\/wp-content\/uploads\/2024\/03\/fiche-metier-luxe-3_0.jpeg\" class=\"vc_single_image-img attachment-full\" alt=\"\" title=\"fiche-metier-luxe-3_0\" srcset=\"https:\/\/www.floomagency.com\/hustle15\/wp-content\/uploads\/2024\/03\/fiche-metier-luxe-3_0.jpeg 350w, https:\/\/www.floomagency.com\/hustle15\/wp-content\/uploads\/2024\/03\/fiche-metier-luxe-3_0-300x214.jpeg 300w\" sizes=\"auto, (max-width: 350px) 100vw, 350px\" \/><\/div>\n\t\t<\/figure>\n\t<\/div>\n\n\t<div class=\"wpb_text_column wpb_content_element text-larger\" >\n\t\t<div class=\"wpb_wrapper\">\n\t\t\t<p>En pla\u00e7ant le Capital humain au centre de sa strat\u00e9gie de croissance,\u00a0 Anas transport and logistics consolide sa marque employeur et sa position de leader au Maroc.<\/p>\n<p>Ainsi, dans le cadre de sa vision strat\u00e9gique de d\u00e9veloppement Anas transport and logistics place\u00a0 le Capital Humain \u00a0au c\u0153ur de ses priorit\u00e9s, avec \u00a0des programmes de recrutement et de formation de qualit\u00e9 comprenant : des stages,\u00a0 des formations sp\u00e9cialis\u00e9es, des tests psychologiques, des programmes de sensibilisation sur divers aspects : la conduite, la m\u00e9canique, le secourisme, le civisme\u2026, des programmes de formation continue et d\u2019\u00e9valuation.<\/p>\n<p>Afin d\u2019assurer sa croissance et consolider son positionnement, Anas transport and logistics veille \u00e0 attirer les meilleurs profils et \u00e0 les fid\u00e9liser en leur proposant un environnement motivant.<\/p>\n\n\t\t<\/div>\n\t<\/div>\n<\/div><\/div><\/div><div class=\"wpb_column vc_column_container vc_col-sm-12 vc_col-lg-6 vc_col-md-6\"><div class=\"vc_column-inner vc_custom_1496927688909\"><div class=\"wpb_wrapper\">\t\t\n\t\t<div id=\"wd-65f7648699cc4\" class=\"title-wrapper  woodmart-title-color-default woodmart-title-style-default woodmart-title-width-100 text-left woodmart-title-size-default\">\n\t\t\t\t\t\t\n\t\t\t<div class=\"liner-continer\">\n\t\t\t\t<span class=\"left-line\"><\/span>\n\t\t\t\t<h4 class=\"woodmart-title-container title  woodmart-font-weight-\" >Faites carri\u00e8re dans un secteur en pleine croissance !<\/h4>\t\t\t\t\t\t\t\t<span class=\"right-line\"><\/span>\n\t\t\t<\/div>\n\t\t\t\n\t\t\t\t\t\t\n\t\t\t\t\t<\/div>\n\t\t\n\t\t\r\n<style type=\"text\/css\">\r\n@import url('https:\/\/fonts.googleapis.com\/css?family=Lato');\r\nbody #wpforms-8003 {\r\nfont-family:Lato;}\r\n\r\n\r\n\tbody #wpforms-8003 .wpforms-head-container .wpforms-title {\r\n\t\t}\r\n\r\n\r\n\r\n\tbody #wpforms-8003 .wpforms-submit-container .wpforms-submit, body #wpforms-8003 .wpforms-field-pagebreak button.wpforms-page-button {\r\n\t\tbackground-color:#ba0f1d ;\t\tborder-width: 0px;\t}\r\n\tbody #wpforms-8003 .wpforms-submit-container .wpforms-submit:hover, body #wpforms-8003 .wpforms-field-pagebreak button.wpforms-page-button:hover {\r\n\t\t\t}\r\n\tbody #wpforms-8003 .wpforms-submit-container,body #wpforms-8003 .wpforms-field-pagebreak .wpforms-pagebreak-left{\r\n\t\t}\r\n\r\n\r\n\tbody #wpforms-8003 .wpforms-form .wpforms-field input[type=text],\r\n\tbody #wpforms-8003 .wpforms-form .wpforms-field input[type=email],\r\n\tbody #wpforms-8003 .wpforms-form .wpforms-field input[type=tel],\r\n\tbody #wpforms-8003 .wpforms-form .wpforms-field input[type=url],\r\n\tbody #wpforms-8003 .wpforms-form .wpforms-field input[type=password],\r\n\tbody #wpforms-8003 .wpforms-form .wpforms-field input[type=number]\r\n\t{\r\n\t\tborder-radius:70px ;-web-border-radius:70px ;-moz-border-radius:70px ;\t\tborder-width: 1px;\t}\r\n\tbody #wpforms-8003 .wpforms-form .wpforms-field .wpforms-field-row\r\n\t{\r\n\t\t\t}\r\n\t\r\n\r\n\r\n\r\n \r\n\tbody #wpforms-8003 .wpforms-form .wpforms-field label.wpforms-field-label {\r\n\t\tfont-size:14px;\t}\r\n\r\n\/* Styling for Tablets *\/\r\n@media only screen and (max-width: 800px) and (min-width:481px) {\r\n\t\r\n\r\n\r\n\r\n}\r\n\r\n@media only screen and (max-width: 480px){\r\n\t\r\n\r\n\r\n\r\n}\r\n\/*Option to add custom CSS *\/\r\n\r\n\r\n\r\n\r\n\t\t<\/style>\r\n\t\t<div class=\"wpforms-container wpforms-container-full wpforms-render-modern\" id=\"wpforms-8003\"><form id=\"wpforms-form-8003\" class=\"wpforms-validate wpforms-form wpforms-ajax-form\" data-formid=\"8003\" method=\"post\" enctype=\"multipart\/form-data\" action=\"\/hustle15\/en\/wp-json\/wp\/v2\/pages\/646?wpforms_form_id=8003\" data-token=\"f54e24dbf4dd02555ab013e1495c2295\" data-trp-original-action=\"\/hustle15\/en\/wp-json\/wp\/v2\/pages\/646?wpforms_form_id=8003\"><noscript class=\"wpforms-error-noscript\">Please enable JavaScript in your browser to complete this form.<\/noscript><div class=\"wpforms-hidden\" id=\"wpforms-error-noscript\">Please enable JavaScript in your browser to complete this form.<\/div><div class=\"wpforms-field-container\"><div id=\"wpforms-8003-field_9-container\" class=\"wpforms-field wpforms-field-layout\" data-field-id=\"9\"><label class=\"wpforms-field-label wpforms-label-hide\" for=\"wpforms-8003-field_9\" aria-hidden=\"false\">Layout<\/label><div class=\"wpforms-field-layout-columns wpforms-field-layout-preset-50-50\"><div class=\"wpforms-layout-column wpforms-layout-column-50\"><div id=\"wpforms-8003-field_5-container\" class=\"wpforms-field wpforms-field-text\" data-field-id=\"5\"><label class=\"wpforms-field-label\" for=\"wpforms-8003-field_5\">Nom de l&#039;interlocuteur  <span class=\"wpforms-required-label\" aria-hidden=\"true\">*<\/span><\/label><input type=\"text\" id=\"wpforms-8003-field_5\" class=\"wpforms-field-medium wpforms-field-required\" name=\"wpforms[fields][5]\" aria-errormessage=\"wpforms-8003-field_5-error\" required><\/div><div id=\"wpforms-8003-field_6-container\" class=\"wpforms-field wpforms-field-text\" data-field-id=\"6\"><label class=\"wpforms-field-label\" for=\"wpforms-8003-field_6\">Num\u00e9ro de t\u00e9l\u00e9phone <span class=\"wpforms-required-label\" aria-hidden=\"true\">*<\/span><\/label><input type=\"text\" id=\"wpforms-8003-field_6\" class=\"wpforms-field-medium wpforms-field-required\" name=\"wpforms[fields][6]\" aria-errormessage=\"wpforms-8003-field_6-error\" required><\/div><\/div><div class=\"wpforms-layout-column wpforms-layout-column-50\"><div id=\"wpforms-8003-field_1-container\" class=\"wpforms-field wpforms-field-email\" data-field-id=\"1\"><label class=\"wpforms-field-label\" for=\"wpforms-8003-field_1\">Email <span class=\"wpforms-required-label\" aria-hidden=\"true\">*<\/span><\/label><input type=\"email\" id=\"wpforms-8003-field_1\" class=\"wpforms-field-medium wpforms-field-required\" name=\"wpforms[fields][1]\" spellcheck=\"false\" aria-errormessage=\"wpforms-8003-field_1-error\" required><\/div><div id=\"wpforms-8003-field_4-container\" class=\"wpforms-field wpforms-field-text\" data-field-id=\"4\"><label class=\"wpforms-field-label\" for=\"wpforms-8003-field_4\">Niveau de formation <span class=\"wpforms-required-label\" aria-hidden=\"true\">*<\/span><\/label><input type=\"text\" id=\"wpforms-8003-field_4\" class=\"wpforms-field-medium wpforms-field-required\" name=\"wpforms[fields][4]\" aria-errormessage=\"wpforms-8003-field_4-error\" required><\/div><\/div><\/div><\/div><div id=\"wpforms-8003-field_12-container\" class=\"wpforms-field wpforms-field-file-upload\" data-field-id=\"12\"><label class=\"wpforms-field-label\" for=\"wpforms-8003-field_12\">Uploader votre CV<\/label><div\n\t\tclass=\"wpforms-uploader\"\n\t\tdata-field-id=\"12\"\n\t\tdata-form-id=\"8003\"\n\t\tdata-input-name=\"wpforms_8003_12\"\n\t\tdata-extensions=\"jpg,jpeg,jpe,gif,png,bmp,tiff,tif,webp,avif,ico,heic,heif,heics,heifs,asf,asx,wmv,wmx,wm,avi,divx,mov,qt,mpeg,mpg,mpe,mp4,m4v,ogv,webm,mkv,3gp,3gpp,3g2,3gp2,txt,asc,c,cc,h,srt,csv,tsv,ics,rtx,css,vtt,mp3,m4a,m4b,aac,ra,ram,wav,x-wav,ogg,oga,flac,mid,midi,wma,wax,mka,rtf,pdf,class,tar,zip,gz,gzip,rar,7z,psd,xcf,doc,pot,pps,ppt,wri,xla,xls,xlt,xlw,mpp,docx,docm,dotx,dotm,xlsx,xlsm,xlsb,xltx,xltm,xlam,pptx,pptm,ppsx,ppsm,potx,potm,ppam,sldx,sldm,onetoc,onetoc2,onepkg,oxps,xps,odt,odp,ods,odg,odc,odb,odf,wp,wpd,key,numbers,pages,svg,svgz,woff,woff2,ttf,eot\"\n\t\tdata-max-size=\"536870912\"\n\t\tdata-max-file-number=\"1\"\n\t\tdata-post-max-size=\"536870912\"\n\t\tdata-max-parallel-uploads=\"4\"\n\t\tdata-parallel-uploads=\"true\"\n\t\tdata-file-chunk-size=\"2097152\">\n\t<div class=\"dz-message\">\n\t\t<svg viewbox=\"0 0 1024 1024\" focusable=\"false\" data-icon=\"inbox\" width=\"50px\" height=\"50px\" fill=\"currentColor\" aria-hidden=\"true\">\n\t\t\t<path d=\"M885.2 446.3l-.2-.8-112.2-285.1c-5-16.1-19.9-27.2-36.8-27.2H281.2c-17 0-32.1 11.3-36.9 27.6L139.4 443l-.3.7-.2.8c-1.3 4.9-1.7 9.9-1 14.8-.1 1.6-.2 3.2-.2 4.8V830a60.9 60.9 0 0 0 60.8 60.8h627.2c33.5 0 60.8-27.3 60.9-60.8V464.1c0-1.3 0-2.6-.1-3.7.4-4.9 0-9.6-1.3-14.1zm-295.8-43l-.3 15.7c-.8 44.9-31.8 75.1-77.1 75.1-22.1 0-41.1-7.1-54.8-20.6S436 441.2 435.6 419l-.3-15.7H229.5L309 210h399.2l81.7 193.3H589.4zm-375 76.8h157.3c24.3 57.1 76 90.8 140.4 90.8 33.7 0 65-9.4 90.3-27.2 22.2-15.6 39.5-37.4 50.7-63.6h156.5V814H214.4V480.1z\"><\/path>\n\t\t<\/svg>\n\t\t<span class=\"modern-title\">Click or drag a file to this area to upload.<\/span>\n\n\t\t\t<\/div>\n<\/div>\n<input\n\t\ttype=\"text\"\n\t\tautocomplete=\"off\"\n\t\tclass=\"dropzone-input\"\n\t\tstyle=\"position:absolute!important;clip:rect(0,0,0,0)!important;height:1px!important;width:1px!important;border:0!important;overflow:hidden!important;padding:0!important;margin:0!important;\"\n\t\tid=\"wpforms-8003-field_12\"\n\t\tname=\"wpforms_8003_12\" \t\tvalue=\"\">\n<\/div><div id=\"wpforms-8003-field_2-container\" class=\"wpforms-field wpforms-field-textarea\" data-field-id=\"2\"><label class=\"wpforms-field-label\" for=\"wpforms-8003-field_2\">Votre Message<\/label><textarea id=\"wpforms-8003-field_2\" class=\"wpforms-field-medium\" name=\"wpforms[fields][2]\" aria-errormessage=\"wpforms-8003-field_2-error\" ><\/textarea><\/div><\/div><!-- .wpforms-field-container --><div class=\"wpforms-submit-container\" ><input type=\"hidden\" name=\"wpforms[id]\" value=\"8003\"><input type=\"hidden\" name=\"wpforms[author]\" value=\"1\"><button type=\"submit\" name=\"wpforms[submit]\" id=\"wpforms-submit-8003\" class=\"wpforms-submit\" data-alt-text=\"Sending...\" data-submit-text=\"Envoyer\" aria-live=\"assertive\" value=\"wpforms-submit\">Envoyer<\/button><img loading=\"lazy\" decoding=\"async\" src=\"https:\/\/www.floomagency.com\/hustle15\/wp-content\/plugins\/wpforms\/assets\/images\/submit-spin.svg\" class=\"wpforms-submit-spinner\" style=\"display: none;\" width=\"26\" height=\"26\" alt=\"Loading\"><\/div><input type=\"hidden\" name=\"trp-form-language\" value=\"en\"\/><\/form><\/div>  <!-- .wpforms-container --><\/div><\/div><\/div><\/div>","protected":false},"excerpt":{"rendered":"Anas transport and logistics. Une exp\u00e9rience unique ! En pla\u00e7ant le Capital humain au centre de sa strat\u00e9gie de croissance,\u00a0","protected":false},"author":1,"featured_media":0,"parent":0,"menu_order":0,"comment_status":"closed","ping_status":"closed","template":"","meta":{"footnotes":""},"class_list":["post-646","page","type-page","status-publish","hentry"],"_links":{"self":[{"href":"https:\/\/www.floomagency.com\/hustle15\/en\/wp-json\/wp\/v2\/pages\/646","targetHints":{"allow":["GET"]}}],"collection":[{"href":"https:\/\/www.floomagency.com\/hustle15\/en\/wp-json\/wp\/v2\/pages"}],"about":[{"href":"https:\/\/www.floomagency.com\/hustle15\/en\/wp-json\/wp\/v2\/types\/page"}],"author":[{"embeddable":true,"href":"https:\/\/www.floomagency.com\/hustle15\/en\/wp-json\/wp\/v2\/users\/1"}],"replies":[{"embeddable":true,"href":"https:\/\/www.floomagency.com\/hustle15\/en\/wp-json\/wp\/v2\/comments?post=646"}],"version-history":[{"count":5,"href":"https:\/\/www.floomagency.com\/hustle15\/en\/wp-json\/wp\/v2\/pages\/646\/revisions"}],"predecessor-version":[{"id":8025,"href":"https:\/\/www.floomagency.com\/hustle15\/en\/wp-json\/wp\/v2\/pages\/646\/revisions\/8025"}],"wp:attachment":[{"href":"https:\/\/www.floomagency.com\/hustle15\/en\/wp-json\/wp\/v2\/media?parent=646"}],"curies":[{"name":"wp","href":"https:\/\/api.w.org\/{rel}","templated":true}]}}